{"id":4797,"date":"2019-02-04T17:11:09","date_gmt":"2019-02-04T16:11:09","guid":{"rendered":"https:\/\/www.fluid-inox.fr\/process-des-fluides-industriels\/"},"modified":"2019-08-09T11:06:16","modified_gmt":"2019-08-09T09:06:16","slug":"industrial-fluid-processing","status":"publish","type":"page","link":"https:\/\/www.fluid-inox.fr\/en\/industrial-fluid-processing\/","title":{"rendered":"Industrial Fluid Processing"},"content":{"rendered":"<p>[vc_row rt_row_background_width=&#8221;fullwidth&#8221; rt_row_content_width=&#8221;default&#8221; rt_row_style=&#8221;default-style&#8221; rt_row_height=&#8221;&#8221; rt_column_view=&#8221;equal_heights&#8221; rt_column_gaps=&#8221;&#8221; rt_row_shadows=&#8221;&#8221; rt_row_borders=&#8221;&#8221; rt_bg_effect=&#8221;classic&#8221; rt_bg_image_repeat=&#8221;repeat&#8221; rt_bg_size=&#8221;cover&#8221; rt_bg_position=&#8221;right top&#8221; rt_bg_attachment=&#8221;scroll&#8221; rt_bg_layer=&#8221;&#8221; rt_bg_video_format=&#8221;self-hosted&#8221; rt_row_paddings=&#8221;true&#8221; rt_padding_top=&#8221;60&#8243; rt_padding_bottom=&#8221;0&#8243; rt_class=&#8221;rt-5024372&#8243; rt_paddings=&#8221;40px,40px,,&#8221; rt_margins=&#8221;,,,&#8221; rt_content_margins=&#8221;,,,&#8221; rt_tablet_paddings=&#8221;20px,20px,,&#8221; rt_tablet_margins=&#8221;,,,&#8221; rt_tablet_content_margins=&#8221;,,,&#8221; rt_sp_paddings=&#8221;,,,&#8221; rt_sp_margins=&#8221;,,,&#8221; rt_sp_content_margins=&#8221;,,,&#8221; rt_bg_color=&#8221;#f4f4f4&#8243;][vc_column tablet_align=&#8221;center&#8221; mobile_align=&#8221;center&#8221; rt_bg_effect=&#8221;classic&#8221; rt_bg_image_repeat=&#8221;repeat&#8221; rt_bg_size=&#8221;auto auto&#8221; rt_bg_position=&#8221;right top&#8221; rt_bg_attachment=&#8221;scroll&#8221; rt_col_paddings=&#8221;true&#8221; rt_wrp_col_paddings=&#8221;false&#8221; tablet_text_align=&#8221;&#8221; mobile_text_align=&#8221;&#8221; class=&#8221;tablet-text-center&#8221; rt_bg_color=&#8221;&#8221; rt_bg_overlay_color=&#8221;&#8221; rt_padding_top=&#8221;40&#8243; rt_padding_bottom=&#8221;40&#8243; offset=&#8221;vc_col-md-6&#8243; rt_class=&#8221;rt-2595443&#8243; rt_margins=&#8221;,&#8221; rt_paddings=&#8221;20px,20px,,&#8221; rt_wrapper_paddings=&#8221;,,,&#8221; rt_tablet_margins=&#8221;,&#8221; rt_tablet_paddings=&#8221;,,,&#8221; rt_tablet_wrapper_paddings=&#8221;,,,&#8221; rt_sp_margins=&#8221;,&#8221; rt_sp_paddings=&#8221;,,,&#8221; rt_sp_wrapper_paddings=&#8221;,,,&#8221;]\n\t\t<article class=\"content-box content-box2 content-padding\">\n\t\t<div class=\"rt-heading-wrapper style-1\">\n\t\t\t\t\t\t<h2 class=\"rt-heading style-1\" >Fluid'Inox is an expert in industrial fluid processes.<\/h2>\n\t\t\t\t\t<\/div>\n\t\t<div class=\"content-holder\">\n\t\t\t<p>Our comprehensive expertise is based on different kinds of industrial fluid networks and utility networks, including gaseous, liquid, cryogenic and heat transfer fluids.<\/p>\n<p>Our expertise in industrial fluid processes applies to several different industries: the semiconductor industry, pharmaceutical industry, research centres, laboratories, photovoltaics, nuclear industry, food processing and cosmetics.<\/p>\n\n\t\t\t\n\t\t<\/div>\n\t\t<\/article>\n\t\t[\/vc_column][vc_column rt_bg_effect=&#8221;classic&#8221; rt_bg_image_repeat=&#8221;no-repeat&#8221; rt_bg_size=&#8221;contain&#8221; rt_bg_position=&#8221;center center&#8221; rt_bg_attachment=&#8221;scroll&#8221; rt_col_paddings=&#8221;true&#8221; rt_wrp_col_paddings=&#8221;false&#8221; tablet_text_align=&#8221;&#8221; mobile_text_align=&#8221;&#8221; rt_bg_color=&#8221;&#8221; rt_bg_overlay_color=&#8221;&#8221; offset=&#8221;vc_col-md-6&#8243; rt_class=&#8221;rt-7560852&#8243; rt_margins=&#8221;,&#8221; rt_paddings=&#8221;0px,0,,&#8221; rt_wrapper_paddings=&#8221;,,,&#8221; rt_tablet_margins=&#8221;,&#8221; rt_tablet_paddings=&#8221;,,,&#8221; rt_tablet_wrapper_paddings=&#8221;,,,&#8221; rt_sp_margins=&#8221;,&#8221; rt_sp_paddings=&#8221;,,,&#8221; rt_sp_wrapper_paddings=&#8221;,,,&#8221;][vc_single_image image=&#8221;4798&#8243; img_size=&#8221;full&#8221; alignment=&#8221;center&#8221;][\/vc_column][\/vc_row][vc_row rt_row_background_width=&#8221;fullwidth&#8221; rt_row_content_width=&#8221;default&#8221; rt_row_style=&#8221;default-style&#8221; rt_row_height=&#8221;&#8221; rt_column_view=&#8221;equal_heights&#8221; rt_column_gaps=&#8221;&#8221; rt_row_shadows=&#8221;&#8221; rt_row_borders=&#8221;&#8221; rt_row_border_width=&#8221;default&#8221; rt_bg_effect=&#8221;classic&#8221; rt_bg_image_repeat=&#8221;repeat&#8221; rt_bg_size=&#8221;cover&#8221; rt_bg_position=&#8221;right top&#8221; rt_bg_attachment=&#8221;scroll&#8221; rt_bg_layer=&#8221;&#8221; rt_bg_video_format=&#8221;self-hosted&#8221; rt_row_paddings=&#8221;false&#8221; rt_class=&#8221;rt-4790787&#8243; rt_paddings=&#8221;20px,50,,&#8221; rt_margins=&#8221;,,,&#8221; rt_content_margins=&#8221;,,,&#8221; rt_tablet_paddings=&#8221;,,,&#8221; rt_tablet_margins=&#8221;,,,&#8221; rt_tablet_content_margins=&#8221;0,,,&#8221; rt_sp_paddings=&#8221;,,,&#8221; rt_sp_margins=&#8221;,,,&#8221; rt_sp_content_margins=&#8221;0,,,&#8221; rt_bg_color=&#8221;#f4f4f4&#8243; rt_border_size=&#8221;0&#8243;][vc_column width=&#8221;1\/3&#8243; rt_column_boxed=&#8221;true&#8221; rt_bg_effect=&#8221;classic&#8221; rt_bg_image_repeat=&#8221;repeat&#8221; rt_bg_size=&#8221;auto auto&#8221; rt_bg_position=&#8221;right top&#8221; rt_bg_attachment=&#8221;scroll&#8221; rt_col_paddings=&#8221;true&#8221; rt_wrp_col_paddings=&#8221;false&#8221; tablet_text_align=&#8221;&#8221; mobile_text_align=&#8221;&#8221; rt_padding_top=&#8221;60&#8243; rt_padding_bottom=&#8221;60&#8243; rt_bg_color=&#8221;&#8221; rt_bg_overlay_color=&#8221;&#8221; rt_class=&#8221;rt-6843796&#8243; rt_margins=&#8221;,&#8221; rt_paddings=&#8221;,,,&#8221; rt_wrapper_paddings=&#8221;40px,40px,,&#8221; rt_tablet_margins=&#8221;10,10&#8243; rt_tablet_paddings=&#8221;,,,&#8221; rt_tablet_wrapper_paddings=&#8221;,,,&#8221; rt_sp_margins=&#8221;10,10&#8243; rt_sp_paddings=&#8221;,,,&#8221; rt_sp_wrapper_paddings=&#8221;,,,&#8221;]<article id=\"gaseous-fluid-networks\" class=\"style-icon-center icon-content-box icon-pos-top icon-style-6\"><div class=\"icon-holder\"><\/div><div class=\"text-holder\"><h3 class=\"heading\">Gaseous fluid networks:<\/h3> <ul>\n<li>Propane, butane, nitrogen, carrier gas, speciality gases (toxic, corrosive and flammable)<\/li>\n<li>Clean, pure steam<\/li>\n<li>Compressed air<\/li>\n<li>Recovery of solvents and acids<\/li>\n<li>High pressure\/low pressure reduction station<\/li>\n<li>Storage tanks, vaporising, expanding and counting equipment<\/li>\n<li>Air networks<\/li>\n<li>PED equipment<\/li>\n<li>Gas detection<\/li>\n<li>Vacuum line for equipment \/ pump<\/li>\n<li>Exhaust pump \/ machine<\/li>\n<\/ul>\n<\/div><\/article>[\/vc_column][vc_column width=&#8221;1\/3&#8243; rt_column_boxed=&#8221;true&#8221; rt_bg_effect=&#8221;classic&#8221; rt_bg_image_repeat=&#8221;repeat&#8221; rt_bg_size=&#8221;auto auto&#8221; rt_bg_position=&#8221;right top&#8221; rt_bg_attachment=&#8221;scroll&#8221; rt_col_paddings=&#8221;true&#8221; rt_wrp_col_paddings=&#8221;false&#8221; tablet_text_align=&#8221;&#8221; mobile_text_align=&#8221;&#8221; rt_padding_top=&#8221;60&#8243; rt_padding_bottom=&#8221;60&#8243; rt_bg_color=&#8221;&#8221; rt_bg_overlay_color=&#8221;&#8221; rt_class=&#8221;rt-2800231&#8243; rt_margins=&#8221;,&#8221; rt_paddings=&#8221;,,,&#8221; rt_wrapper_paddings=&#8221;40px,40px,,&#8221; rt_tablet_margins=&#8221;10,10&#8243; rt_tablet_paddings=&#8221;,,,&#8221; rt_tablet_wrapper_paddings=&#8221;,,,&#8221; rt_sp_margins=&#8221;10,10&#8243; rt_sp_paddings=&#8221;,,,&#8221; rt_sp_wrapper_paddings=&#8221;,,,&#8221;]<article id=\"liquid-fluid-networks\" class=\"style-icon-center icon-content-box icon-pos-top icon-style-6\"><div class=\"icon-holder\"><\/div><div class=\"text-holder\"><h3 class=\"heading\">Liquid fluid networks:<\/h3> <ul>\n<li>All food-related, cosmetic and pharmaceutical fluids<\/li>\n<li>Cooling water<\/li>\n<li>Ultra-clean, deionised, demineralised and ultra-filtered water<\/li>\n<li>Distribution of alcohol<\/li>\n<li>Solvent<\/li>\n<li>Acid<\/li>\n<\/ul>\n<\/div><\/article>[\/vc_column][vc_column width=&#8221;1\/3&#8243; rt_column_boxed=&#8221;true&#8221; rt_bg_effect=&#8221;classic&#8221; rt_bg_image_repeat=&#8221;repeat&#8221; rt_bg_size=&#8221;auto auto&#8221; rt_bg_position=&#8221;right top&#8221; rt_bg_attachment=&#8221;scroll&#8221; rt_col_paddings=&#8221;true&#8221; rt_wrp_col_paddings=&#8221;false&#8221; tablet_text_align=&#8221;&#8221; mobile_text_align=&#8221;&#8221; rt_padding_top=&#8221;60&#8243; rt_padding_bottom=&#8221;60&#8243; rt_bg_color=&#8221;&#8221; rt_bg_overlay_color=&#8221;&#8221; rt_class=&#8221;rt-3355028&#8243; rt_margins=&#8221;,&#8221; rt_paddings=&#8221;,,,&#8221; rt_wrapper_paddings=&#8221;40px,40px,,&#8221; rt_tablet_margins=&#8221;10,10&#8243; rt_tablet_paddings=&#8221;,,,&#8221; rt_tablet_wrapper_paddings=&#8221;,,,&#8221; rt_sp_margins=&#8221;10,10&#8243; rt_sp_paddings=&#8221;,,,&#8221; rt_sp_wrapper_paddings=&#8221;,,,&#8221;]<article id=\"cryogenic-fluid-networks\" class=\"style-icon-center icon-content-box icon-pos-top icon-style-6\"><div class=\"icon-holder\"><\/div><div class=\"text-holder\"><h3 class=\"heading\">Cryogenic fluid networks:<\/h3> <ul>\n<li>Azote liquide<\/li>\n<li>H\u00e9lium liquide<\/li>\n<\/ul>\n<\/div><\/article>[\/vc_column][\/vc_row][vc_row rt_row_background_width=&#8221;fullwidth&#8221; rt_row_content_width=&#8221;default&#8221; rt_row_style=&#8221;light-style&#8221; rt_row_height=&#8221;&#8221; rt_column_gaps=&#8221;&#8221; rt_row_shadows=&#8221;&#8221; rt_row_borders=&#8221;&#8221; rt_bg_effect=&#8221;parallax&#8221; rt_bg_parallax_effect=&#8221;3&#8243; rt_bg_image_repeat=&#8221;repeat&#8221; rt_bg_size=&#8221;cover&#8221; rt_bg_position=&#8221;right top&#8221; rt_bg_layer=&#8221;&#8221; rt_bg_video_format=&#8221;self-hosted&#8221; rt_row_paddings=&#8221;true&#8221; rt_bg_image=&#8221;4481&#8243; rt_padding_top=&#8221;160&#8243; rt_padding_bottom=&#8221;160&#8243; rt_class=&#8221;rt-6764019&#8243; rt_paddings=&#8221;80px,80px,,&#8221; rt_margins=&#8221;,,,&#8221; rt_content_margins=&#8221;,,,&#8221; rt_tablet_paddings=&#8221;,,,&#8221; rt_tablet_margins=&#8221;,,,&#8221; rt_tablet_content_margins=&#8221;,,,&#8221; rt_sp_paddings=&#8221;,,,&#8221; rt_sp_margins=&#8221;,,,&#8221; rt_sp_content_margins=&#8221;,,,&#8221;][vc_column rt_bg_effect=&#8221;classic&#8221; rt_bg_image_repeat=&#8221;repeat&#8221; rt_bg_size=&#8221;auto auto&#8221; rt_bg_position=&#8221;right top&#8221; rt_bg_attachment=&#8221;scroll&#8221; rt_col_paddings=&#8221;true&#8221; rt_wrp_col_paddings=&#8221;false&#8221; rt_padding_left=&#8221;15%&#8221; rt_padding_right=&#8221;15%&#8221; rt_bg_color=&#8221;&#8221; rt_bg_overlay_color=&#8221;&#8221;]<div class=\"rt-heading-wrapper text-center mobile-text-center rt-1113119\">\n\t\t\t\t\t\t<span class=\"rt-heading body-font\" >CONTACT US<\/span>\n\t\t\t\t\t<\/div><div class=\"rt-heading-wrapper text-center mobile-text-center rt-1845807\">\n\t\t\t\t\t\t<h2 class=\"rt-heading\" >Please let us know if you would like to request a quote or an appointment. Our business managers will get back to you as soon as possible.<\/h2>\n\t\t\t\t\t<\/div><div class=\"button_wrapper  aligncenter arrow rounded\"><a href=\"\/nous-contacter\/\" target=\"_self\" title=\"Contact us\" class=\"button_  heading-font black small rt-8316774\"><span><span>Contact us<\/span><\/span><\/a><\/div>[\/vc_column][\/vc_row][vc_row rt_row_background_width=&#8221;fullwidth&#8221; rt_row_content_width=&#8221;default&#8221; rt_row_style=&#8221;default-style&#8221; rt_row_height=&#8221;&#8221; rt_column_gaps=&#8221;&#8221; rt_row_shadows=&#8221;&#8221; rt_row_borders=&#8221;&#8221; rt_bg_effect=&#8221;classic&#8221; rt_bg_image_repeat=&#8221;repeat&#8221; rt_bg_size=&#8221;cover&#8221; rt_bg_position=&#8221;right top&#8221; rt_bg_attachment=&#8221;scroll&#8221; rt_bg_layer=&#8221;&#8221; rt_bg_video_format=&#8221;self-hosted&#8221; rt_row_paddings=&#8221;true&#8221; rt_padding_top=&#8221;40&#8243; rt_padding_bottom=&#8221;40&#8243; rt_class=&#8221;rt-4525699&#8243; rt_paddings=&#8221;60,60,,&#8221; rt_margins=&#8221;,,,&#8221; rt_content_margins=&#8221;,,,&#8221; rt_tablet_paddings=&#8221;,,,&#8221; rt_tablet_margins=&#8221;,,,&#8221; rt_tablet_content_margins=&#8221;,,,&#8221; rt_sp_paddings=&#8221;,,,&#8221; rt_sp_margins=&#8221;,,,&#8221; rt_sp_content_margins=&#8221;,,,&#8221; class=&#8221;carrousel-logos&#8221;][vc_column rt_bg_effect=&#8221;classic&#8221; rt_bg_image_repeat=&#8221;repeat&#8221; rt_bg_size=&#8221;auto auto&#8221; rt_bg_position=&#8221;right top&#8221; rt_bg_attachment=&#8221;scroll&#8221; rt_col_paddings=&#8221;true&#8221; rt_wrp_col_paddings=&#8221;false&#8221;]\r\n\t\t\t\t<div id=\"image-carousel-851417\" class=\"rt-carousel carousel-holder clearfix rt-image-carousel  rt_lightbox_gallery\" data-item-width=\"5\" data-nav=\"true\" data-dots=\"false\" data-margin=\"0\" data-autoplay=\"true\" data-timeout=\"2500\" data-thumbnails=\"false\" data-boxed=\"false\" data-min-height=\"\" data-padding=\"0\" data-loop=\"true\" data-tablet-item-width=\"3\" data-mobile-item-width=\"1\">\r\n\t\t\t\t\t<div class=\"owl-carousel\">\r\n\t\t\t\t\t\t<div><img decoding=\"async\" src=\"https:\/\/www.fluid-inox.fr\/wp-content\/uploads\/2019\/02\/Logo-Uriage-.jpg\" width=\"100\" height=\"36\" alt=\"\" srcset=\"https:\/\/www.fluid-inox.fr\/wp-content\/uploads\/2019\/02\/Logo-Uriage-.jpg 100w, https:\/\/www.fluid-inox.fr\/wp-content\/uploads\/2019\/02\/Logo-Uriage--50x18.jpg 50w\" sizes=\"https:\/\/www.fluid-inox.fr\/wp-content\/uploads\/2019\/02\/Logo-Uriage-.jpg 100w, https:\/\/www.fluid-inox.fr\/wp-content\/uploads\/2019\/02\/Logo-Uriage--50x18.jpg 50w\"><\/div><div><img decoding=\"async\" src=\"https:\/\/www.fluid-inox.fr\/wp-content\/uploads\/2019\/02\/Logo-Teisseire-1.jpg\" width=\"100\" height=\"88\" alt=\"\" srcset=\"https:\/\/www.fluid-inox.fr\/wp-content\/uploads\/2019\/02\/Logo-Teisseire-1.jpg 100w, https:\/\/www.fluid-inox.fr\/wp-content\/uploads\/2019\/02\/Logo-Teisseire-1-50x44.jpg 50w\" sizes=\"https:\/\/www.fluid-inox.fr\/wp-content\/uploads\/2019\/02\/Logo-Teisseire-1.jpg 100w, https:\/\/www.fluid-inox.fr\/wp-content\/uploads\/2019\/02\/Logo-Teisseire-1-50x44.jpg 50w\"><\/div><div><img decoding=\"async\" src=\"https:\/\/www.fluid-inox.fr\/wp-content\/uploads\/2019\/02\/Logo-STMicroelectronics-1.png\" width=\"100\" height=\"71\" alt=\"\" srcset=\"https:\/\/www.fluid-inox.fr\/wp-content\/uploads\/2019\/02\/Logo-STMicroelectronics-1.png 100w, https:\/\/www.fluid-inox.fr\/wp-content\/uploads\/2019\/02\/Logo-STMicroelectronics-1-50x35.png 50w\" sizes=\"https:\/\/www.fluid-inox.fr\/wp-content\/uploads\/2019\/02\/Logo-STMicroelectronics-1.png 100w, https:\/\/www.fluid-inox.fr\/wp-content\/uploads\/2019\/02\/Logo-STMicroelectronics-1-50x35.png 50w\"><\/div><div><img loading=\"lazy\" decoding=\"async\" src=\"https:\/\/www.fluid-inox.fr\/wp-content\/uploads\/2019\/02\/Logo-Soitec-1.jpg\" width=\"100\" height=\"41\" alt=\"\" srcset=\"https:\/\/www.fluid-inox.fr\/wp-content\/uploads\/2019\/02\/Logo-Soitec-1.jpg 100w, https:\/\/www.fluid-inox.fr\/wp-content\/uploads\/2019\/02\/Logo-Soitec-1-50x20.jpg 50w\" sizes=\"https:\/\/www.fluid-inox.fr\/wp-content\/uploads\/2019\/02\/Logo-Soitec-1.jpg 100w, https:\/\/www.fluid-inox.fr\/wp-content\/uploads\/2019\/02\/Logo-Soitec-1-50x20.jpg 50w\"><\/div><div><img loading=\"lazy\" decoding=\"async\" src=\"https:\/\/www.fluid-inox.fr\/wp-content\/uploads\/2019\/02\/Logo-LOreal-1-1.jpg\" width=\"100\" height=\"29\" alt=\"\" srcset=\"https:\/\/www.fluid-inox.fr\/wp-content\/uploads\/2019\/02\/Logo-LOreal-1-1.jpg 100w, https:\/\/www.fluid-inox.fr\/wp-content\/uploads\/2019\/02\/Logo-LOreal-1-1-50x14.jpg 50w\" sizes=\"https:\/\/www.fluid-inox.fr\/wp-content\/uploads\/2019\/02\/Logo-LOreal-1-1.jpg 100w, https:\/\/www.fluid-inox.fr\/wp-content\/uploads\/2019\/02\/Logo-LOreal-1-1-50x14.jpg 50w\"><\/div><div><img loading=\"lazy\" decoding=\"async\" src=\"https:\/\/www.fluid-inox.fr\/wp-content\/uploads\/2019\/02\/Logo-ill-1.jpg\" width=\"100\" height=\"87\" alt=\"\" srcset=\"https:\/\/www.fluid-inox.fr\/wp-content\/uploads\/2019\/02\/Logo-ill-1.jpg 100w, https:\/\/www.fluid-inox.fr\/wp-content\/uploads\/2019\/02\/Logo-ill-1-50x43.jpg 50w\" sizes=\"https:\/\/www.fluid-inox.fr\/wp-content\/uploads\/2019\/02\/Logo-ill-1.jpg 100w, https:\/\/www.fluid-inox.fr\/wp-content\/uploads\/2019\/02\/Logo-ill-1-50x43.jpg 50w\"><\/div><div><img loading=\"lazy\" decoding=\"async\" src=\"https:\/\/www.fluid-inox.fr\/wp-content\/uploads\/2019\/02\/Logo-CEA-1.png\" width=\"100\" height=\"82\" alt=\"\" srcset=\"https:\/\/www.fluid-inox.fr\/wp-content\/uploads\/2019\/02\/Logo-CEA-1.png 100w, https:\/\/www.fluid-inox.fr\/wp-content\/uploads\/2019\/02\/Logo-CEA-1-50x41.png 50w\" sizes=\"https:\/\/www.fluid-inox.fr\/wp-content\/uploads\/2019\/02\/Logo-CEA-1.png 100w, https:\/\/www.fluid-inox.fr\/wp-content\/uploads\/2019\/02\/Logo-CEA-1-50x41.png 50w\"><\/div><div><img loading=\"lazy\" decoding=\"async\" src=\"https:\/\/www.fluid-inox.fr\/wp-content\/uploads\/2019\/02\/Logo-Biomerieux-1.jpg\" width=\"100\" height=\"100\" alt=\"\" srcset=\"https:\/\/www.fluid-inox.fr\/wp-content\/uploads\/2019\/02\/Logo-Biomerieux-1.jpg 100w, https:\/\/www.fluid-inox.fr\/wp-content\/uploads\/2019\/02\/Logo-Biomerieux-1-50x50.jpg 50w\" sizes=\"https:\/\/www.fluid-inox.fr\/wp-content\/uploads\/2019\/02\/Logo-Biomerieux-1.jpg 100w, https:\/\/www.fluid-inox.fr\/wp-content\/uploads\/2019\/02\/Logo-Biomerieux-1-50x50.jpg 50w\"><\/div>\r\n\t\t\t\t\t<\/div>\r\n\t\t\t\t\t\r\n\t\t\t\t\t\r\n\t\t\t\t<\/div>\r\n\t\t\t[\/vc_column][\/vc_row]<\/p>\n","protected":false},"excerpt":{"rendered":"<p>[vc_row rt_row_background_width=&#8221;fullwidth&#8221; rt_row_content_width=&#8221;default&#8221; rt_row_style=&#8221;default-style&#8221; rt_row_height=&#8221;&#8221; rt_column_view=&#8221;equal_heights&#8221; rt_column_gaps=&#8221;&#8221; rt_row_shadows=&#8221;&#8221; rt_row_borders=&#8221;&#8221; rt_bg_effect=&#8221;classic&#8221; rt_bg_image_repeat=&#8221;repeat&#8221; rt_bg_size=&#8221;cover&#8221; rt_bg_position=&#8221;right top&#8221; rt_bg_attachment=&#8221;scroll&#8221; rt_bg_layer=&#8221;&#8221; rt_bg_video_format=&#8221;self-hosted&#8221; rt_row_paddings=&#8221;true&#8221; rt_padding_top=&#8221;60&#8243; rt_padding_bottom=&#8221;0&#8243; rt_class=&#8221;rt-5024372&#8243; rt_paddings=&#8221;40px,40px,,&#8221; rt_margins=&#8221;,,,&#8221; rt_content_margins=&#8221;,,,&#8221; rt_tablet_paddings=&#8221;20px,20px,,&#8221; rt_tablet_margins=&#8221;,,,&#8221; rt_tablet_content_margins=&#8221;,,,&#8221; rt_sp_paddings=&#8221;,,,&#8221; rt_sp_margins=&#8221;,,,&#8221; rt_sp_content_margins=&#8221;,,,&#8221; rt_bg_color=&#8221;#f4f4f4&#8243;][vc_column tablet_align=&#8221;center&#8221; mobile_align=&#8221;center&#8221; rt_bg_effect=&#8221;classic&#8221; rt_bg_image_repeat=&#8221;repeat&#8221; rt_bg_size=&#8221;auto auto&#8221; rt_bg_position=&#8221;right top&#8221; rt_bg_attachment=&#8221;scroll&#8221; rt_col_paddings=&#8221;true&#8221; rt_wrp_col_paddings=&#8221;false&#8221; tablet_text_align=&#8221;&#8221; mobile_text_align=&#8221;&#8221; class=&#8221;tablet-text-center&#8221; rt_bg_color=&#8221;&#8221; rt_bg_overlay_color=&#8221;&#8221; rt_padding_top=&#8221;40&#8243; rt_padding_bottom=&#8221;40&#8243; offset=&#8221;vc_col-md-6&#8243; rt_class=&#8221;rt-2595443&#8243; rt_margins=&#8221;,&#8221; rt_paddings=&#8221;20px,20px,,&#8221; rt_wrapper_paddings=&#8221;,,,&#8221; rt_tablet_margins=&#8221;,&#8221; [&hellip;]<\/p>\n","protected":false},"author":1,"featured_media":0,"parent":0,"menu_order":0,"comment_status":"closed","ping_status":"closed","template":"","meta":{"footnotes":""},"class_list":["post-4797","page","type-page","status-publish","hentry"],"yoast_head":"<!-- This site is optimized with the Yoast SEO plugin v26.2 - https:\/\/yoast.com\/wordpress\/plugins\/seo\/ -->\n<title>Fluides Industriels en r\u00e9seaux : Faites appel \u00e0 nos experts | Fluid&#039;Inox<\/title>\n<meta name=\"description\" content=\"R\u00e9seaux de Fluides Industriels gazeux, liquides ou cryog\u00e9niques, les experts de Fluid&#039;Inox ont le savoir faire pour cr\u00e9er n&#039;importe quel process de fluides.\" \/>\n<meta name=\"robots\" content=\"index, follow, max-snippet:-1, max-image-preview:large, max-video-preview:-1\" \/>\n<link rel=\"canonical\" href=\"https:\/\/www.fluid-inox.fr\/en\/process-des-fluides-industriels\/\" \/>\n<meta property=\"og:locale\" content=\"en_US\" \/>\n<meta property=\"og:type\" content=\"article\" \/>\n<meta property=\"og:title\" content=\"Fluides Industriels en r\u00e9seaux : Faites appel \u00e0 nos experts | Fluid&#039;Inox\" \/>\n<meta property=\"og:description\" content=\"R\u00e9seaux de Fluides Industriels gazeux, liquides ou cryog\u00e9niques, les experts de Fluid&#039;Inox ont le savoir faire pour cr\u00e9er n&#039;importe quel process de fluides.\" \/>\n<meta property=\"og:url\" content=\"https:\/\/www.fluid-inox.fr\/process-des-fluides-industriels\/\" \/>\n<meta property=\"og:site_name\" content=\"Fluid&#039;Inox\" \/>\n<meta property=\"article:modified_time\" content=\"2019-08-09T09:06:16+00:00\" \/>\n<meta name=\"twitter:card\" content=\"summary_large_image\" \/>\n<meta name=\"twitter:label1\" content=\"Est. reading time\" \/>\n\t<meta name=\"twitter:data1\" content=\"7 minutes\" \/>\n<script type=\"application\/ld+json\" class=\"yoast-schema-graph\">{\"@context\":\"https:\/\/schema.org\",\"@graph\":[{\"@type\":\"WebPage\",\"@id\":\"https:\/\/www.fluid-inox.fr\/process-des-fluides-industriels\/\",\"url\":\"https:\/\/www.fluid-inox.fr\/process-des-fluides-industriels\/\",\"name\":\"Fluides Industriels en r\u00e9seaux : Faites appel \u00e0 nos experts | Fluid'Inox\",\"isPartOf\":{\"@id\":\"https:\/\/www.fluid-inox.fr\/#website\"},\"datePublished\":\"2019-02-04T16:11:09+00:00\",\"dateModified\":\"2019-08-09T09:06:16+00:00\",\"description\":\"R\u00e9seaux de Fluides Industriels gazeux, liquides ou cryog\u00e9niques, les experts de Fluid'Inox ont le savoir faire pour cr\u00e9er n'importe quel process de fluides.\",\"breadcrumb\":{\"@id\":\"https:\/\/www.fluid-inox.fr\/process-des-fluides-industriels\/#breadcrumb\"},\"inLanguage\":\"en-US\",\"potentialAction\":[{\"@type\":\"ReadAction\",\"target\":[\"https:\/\/www.fluid-inox.fr\/process-des-fluides-industriels\/\"]}]},{\"@type\":\"BreadcrumbList\",\"@id\":\"https:\/\/www.fluid-inox.fr\/process-des-fluides-industriels\/#breadcrumb\",\"itemListElement\":[{\"@type\":\"ListItem\",\"position\":1,\"name\":\"Accueil\",\"item\":\"https:\/\/www.fluid-inox.fr\/en\/\"},{\"@type\":\"ListItem\",\"position\":2,\"name\":\"Industrial Fluid Processing\"}]},{\"@type\":\"WebSite\",\"@id\":\"https:\/\/www.fluid-inox.fr\/#website\",\"url\":\"https:\/\/www.fluid-inox.fr\/\",\"name\":\"Fluid&#039;Inox\",\"description\":\"\",\"potentialAction\":[{\"@type\":\"SearchAction\",\"target\":{\"@type\":\"EntryPoint\",\"urlTemplate\":\"https:\/\/www.fluid-inox.fr\/?s={search_term_string}\"},\"query-input\":{\"@type\":\"PropertyValueSpecification\",\"valueRequired\":true,\"valueName\":\"search_term_string\"}}],\"inLanguage\":\"en-US\"}]}<\/script>\n<!-- \/ Yoast SEO plugin. -->","yoast_head_json":{"title":"Fluides Industriels en r\u00e9seaux : Faites appel \u00e0 nos experts | Fluid'Inox","description":"R\u00e9seaux de Fluides Industriels gazeux, liquides ou cryog\u00e9niques, les experts de Fluid'Inox ont le savoir faire pour cr\u00e9er n'importe quel process de fluides.","robots":{"index":"index","follow":"follow","max-snippet":"max-snippet:-1","max-image-preview":"max-image-preview:large","max-video-preview":"max-video-preview:-1"},"canonical":"https:\/\/www.fluid-inox.fr\/en\/process-des-fluides-industriels\/","og_locale":"en_US","og_type":"article","og_title":"Fluides Industriels en r\u00e9seaux : Faites appel \u00e0 nos experts | Fluid'Inox","og_description":"R\u00e9seaux de Fluides Industriels gazeux, liquides ou cryog\u00e9niques, les experts de Fluid'Inox ont le savoir faire pour cr\u00e9er n'importe quel process de fluides.","og_url":"https:\/\/www.fluid-inox.fr\/process-des-fluides-industriels\/","og_site_name":"Fluid&#039;Inox","article_modified_time":"2019-08-09T09:06:16+00:00","twitter_card":"summary_large_image","twitter_misc":{"Est. reading time":"7 minutes"},"schema":{"@context":"https:\/\/schema.org","@graph":[{"@type":"WebPage","@id":"https:\/\/www.fluid-inox.fr\/process-des-fluides-industriels\/","url":"https:\/\/www.fluid-inox.fr\/process-des-fluides-industriels\/","name":"Fluides Industriels en r\u00e9seaux : Faites appel \u00e0 nos experts | Fluid'Inox","isPartOf":{"@id":"https:\/\/www.fluid-inox.fr\/#website"},"datePublished":"2019-02-04T16:11:09+00:00","dateModified":"2019-08-09T09:06:16+00:00","description":"R\u00e9seaux de Fluides Industriels gazeux, liquides ou cryog\u00e9niques, les experts de Fluid'Inox ont le savoir faire pour cr\u00e9er n'importe quel process de fluides.","breadcrumb":{"@id":"https:\/\/www.fluid-inox.fr\/process-des-fluides-industriels\/#breadcrumb"},"inLanguage":"en-US","potentialAction":[{"@type":"ReadAction","target":["https:\/\/www.fluid-inox.fr\/process-des-fluides-industriels\/"]}]},{"@type":"BreadcrumbList","@id":"https:\/\/www.fluid-inox.fr\/process-des-fluides-industriels\/#breadcrumb","itemListElement":[{"@type":"ListItem","position":1,"name":"Accueil","item":"https:\/\/www.fluid-inox.fr\/en\/"},{"@type":"ListItem","position":2,"name":"Industrial Fluid Processing"}]},{"@type":"WebSite","@id":"https:\/\/www.fluid-inox.fr\/#website","url":"https:\/\/www.fluid-inox.fr\/","name":"Fluid&#039;Inox","description":"","potentialAction":[{"@type":"SearchAction","target":{"@type":"EntryPoint","urlTemplate":"https:\/\/www.fluid-inox.fr\/?s={search_term_string}"},"query-input":{"@type":"PropertyValueSpecification","valueRequired":true,"valueName":"search_term_string"}}],"inLanguage":"en-US"}]}},"_links":{"self":[{"href":"https:\/\/www.fluid-inox.fr\/en\/wp-json\/wp\/v2\/pages\/4797\/"}],"collection":[{"href":"https:\/\/www.fluid-inox.fr\/en\/wp-json\/wp\/v2\/pages\/"}],"about":[{"href":"https:\/\/www.fluid-inox.fr\/en\/wp-json\/wp\/v2\/types\/page\/"}],"author":[{"embeddable":true,"href":"https:\/\/www.fluid-inox.fr\/en\/wp-json\/wp\/v2\/users\/1\/"}],"replies":[{"embeddable":true,"href":"https:\/\/www.fluid-inox.fr\/en\/wp-json\/wp\/v2\/comments\/?post=4797"}],"version-history":[{"count":8,"href":"https:\/\/www.fluid-inox.fr\/en\/wp-json\/wp\/v2\/pages\/4797\/revisions\/"}],"predecessor-version":[{"id":4872,"href":"https:\/\/www.fluid-inox.fr\/en\/wp-json\/wp\/v2\/pages\/4797\/revisions\/4872\/"}],"wp:attachment":[{"href":"https:\/\/www.fluid-inox.fr\/en\/wp-json\/wp\/v2\/media\/?parent=4797"}],"curies":[{"name":"wp","href":"https:\/\/api.w.org\/{rel}","templated":true}]}}