{"id":4803,"date":"2019-02-06T11:43:21","date_gmt":"2019-02-06T10:43:21","guid":{"rendered":"https:\/\/www.fluid-inox.fr\/nous-contacter\/"},"modified":"2019-08-09T16:31:47","modified_gmt":"2019-08-09T14:31:47","slug":"contact-us","status":"publish","type":"page","link":"https:\/\/www.fluid-inox.fr\/en\/contact-us\/","title":{"rendered":"Contact us"},"content":{"rendered":"<p>[vc_row rt_row_background_width=&#8221;fullwidth&#8221; rt_row_content_width=&#8221;default&#8221; rt_row_style=&#8221;default-style&#8221; rt_row_height=&#8221;&#8221; rt_column_gaps=&#8221;&#8221; rt_row_shadows=&#8221;&#8221; rt_row_borders=&#8221;&#8221; rt_bg_effect=&#8221;classic&#8221; rt_bg_image_repeat=&#8221;repeat&#8221; rt_bg_size=&#8221;cover&#8221; rt_bg_position=&#8221;right top&#8221; rt_bg_attachment=&#8221;scroll&#8221; rt_bg_layer=&#8221;&#8221; rt_bg_video_format=&#8221;self-hosted&#8221; rt_class=&#8221;rt-5220686&#8243; rt_paddings=&#8221;0,60px,,&#8221; rt_margins=&#8221;,,,&#8221; rt_content_margins=&#8221;,,,&#8221; rt_tablet_paddings=&#8221;,,,&#8221; rt_tablet_margins=&#8221;,,,&#8221; rt_tablet_content_margins=&#8221;,,,&#8221; rt_sp_paddings=&#8221;,,,&#8221; rt_sp_margins=&#8221;,,,&#8221; rt_sp_content_margins=&#8221;,,,&#8221; rt_bg_color=&#8221;#f4f4f4&#8243;][vc_column css_animation=&#8221;fadeIn&#8221; width=&#8221;1\/2&#8243; rt_bg_effect=&#8221;classic&#8221; rt_bg_image_repeat=&#8221;repeat&#8221; rt_bg_size=&#8221;auto auto&#8221; rt_bg_position=&#8221;right top&#8221; rt_bg_attachment=&#8221;scroll&#8221; rt_class=&#8221;rt-3440892&#8243; rt_margins=&#8221;,&#8221; rt_paddings=&#8221;,,,&#8221; rt_wrapper_paddings=&#8221;,,,&#8221; rt_tablet_margins=&#8221;,&#8221; rt_tablet_paddings=&#8221;,,,&#8221; rt_tablet_wrapper_paddings=&#8221;,,,&#8221; rt_sp_margins=&#8221;20px,&#8221; rt_sp_paddings=&#8221;,,,&#8221; rt_sp_wrapper_paddings=&#8221;,,,&#8221; rt_bg_color=&#8221;&#8221; rt_bg_overlay_color=&#8221;&#8221;]<div class=\"rt-heading-wrapper rt-8958208\">\n\t\t\t\t\t\t<h2 class=\"rt-heading\" >Information<\/h2>\n\t\t\t\t\t<\/div>\t \n\t\t<div id=\"coordonnees\" class=\"with_icons style-4 \">\n\t\t\t \n\t\t<div  >\n\t\t<span class=\"icon-proximite icon\"><\/span><div class=\"list-content\"><p><strong>Parc technologique des Fontaines<\/strong><br \/>\n<strong>459 Chemin des Fontaines<\/strong><br \/>\n<strong>38190 Bernin<\/strong><\/p>\n<\/div>\n\t\t<\/div>\n\t\t \n\t\t<div  >\n\t\t<span class=\"icon-tel icon\"><\/span><div class=\"list-content\"><p><strong>(+33) <a href=\"tel:+33476750728\">04 76 75 07 28<\/a><\/strong><\/p>\n<\/div>\n\t\t<\/div>\n\t\n\t\t<\/div>\n\t[\/vc_column][vc_column css_animation=&#8221;fadeIn&#8221; width=&#8221;1\/2&#8243; rt_bg_effect=&#8221;classic&#8221; rt_bg_image_repeat=&#8221;repeat&#8221; rt_bg_size=&#8221;auto auto&#8221; rt_bg_position=&#8221;right top&#8221; rt_bg_attachment=&#8221;scroll&#8221; rt_class=&#8221;rt-3636412&#8243; rt_margins=&#8221;,&#8221; rt_paddings=&#8221;,,,&#8221; rt_wrapper_paddings=&#8221;,,,&#8221; rt_tablet_margins=&#8221;,&#8221; rt_tablet_paddings=&#8221;,,,&#8221; rt_tablet_wrapper_paddings=&#8221;,,,&#8221; rt_sp_margins=&#8221;20px,&#8221; rt_sp_paddings=&#8221;,,,&#8221; rt_sp_wrapper_paddings=&#8221;,,,&#8221; rt_bg_color=&#8221;&#8221; rt_bg_overlay_color=&#8221;&#8221;]<div class=\"rt-heading-wrapper rt-1170515\">\n\t\t\t\t\t\t<h2 class=\"rt-heading\" id=\"formulaire\">Your contact details<\/h2>\n\t\t\t\t\t<\/div>\n<div class=\"wpcf7 no-js\" id=\"wpcf7-f4880-o1\" lang=\"en-US\" dir=\"ltr\" data-wpcf7-id=\"4880\">\n<div class=\"screen-reader-response\"><p role=\"status\" aria-live=\"polite\" aria-atomic=\"true\"><\/p> <ul><\/ul><\/div>\n<form action=\"\/en\/wp-json\/wp\/v2\/pages\/4803\/#wpcf7-f4880-o1\" method=\"post\" class=\"wpcf7-form init\" aria-label=\"Contact form\" novalidate=\"novalidate\" data-status=\"init\">\n<fieldset class=\"hidden-fields-container\"><input type=\"hidden\" name=\"_wpcf7\" value=\"4880\" \/><input type=\"hidden\" name=\"_wpcf7_version\" value=\"6.1.2\" \/><input type=\"hidden\" name=\"_wpcf7_locale\" value=\"en_US\" \/><input type=\"hidden\" name=\"_wpcf7_unit_tag\" value=\"wpcf7-f4880-o1\" \/><input type=\"hidden\" name=\"_wpcf7_container_post\" value=\"0\" \/><input type=\"hidden\" name=\"_wpcf7_posted_data_hash\" value=\"\" \/><input type=\"hidden\" name=\"_wpcf7_recaptcha_response\" value=\"\" \/>\n<\/fieldset>\n<div class=\"rt_form\">\n\t<ul>\n\t\t<li class=\"form-input\">\n\t\t\t<p>Company* : <span class=\"wpcf7-form-control-wrap\" data-name=\"societe\"><input size=\"40\" maxlength=\"400\" class=\"wpcf7-form-control wpcf7-text wpcf7-validates-as-required\" aria-required=\"true\" aria-invalid=\"false\" value=\"\" type=\"text\" name=\"societe\" \/><\/span>\n\t\t\t<\/p>\n\t\t<\/li>\n\t\t<li class=\"form-input\">\n\t\t\t<p>Contact name* : <span class=\"wpcf7-form-control-wrap\" data-name=\"nom\"><input size=\"40\" maxlength=\"400\" class=\"wpcf7-form-control wpcf7-text wpcf7-validates-as-required\" aria-required=\"true\" aria-invalid=\"false\" value=\"\" type=\"text\" name=\"nom\" \/><\/span>\n\t\t\t<\/p>\n\t\t<\/li>\n\t\t<li class=\"form-input\">\n\t\t\t<p>Email address* : <span class=\"wpcf7-form-control-wrap\" data-name=\"email\"><input size=\"40\" maxlength=\"400\" class=\"wpcf7-form-control wpcf7-email wpcf7-validates-as-required wpcf7-text wpcf7-validates-as-email\" aria-required=\"true\" aria-invalid=\"false\" value=\"\" type=\"email\" name=\"email\" \/><\/span>\n\t\t\t<\/p>\n\t\t<\/li>\n\t\t<li class=\"form-input\">\n\t\t\t<p>Telephone* : <span class=\"wpcf7-form-control-wrap\" data-name=\"telephone\"><input size=\"40\" maxlength=\"400\" class=\"wpcf7-form-control wpcf7-tel wpcf7-validates-as-required wpcf7-text wpcf7-validates-as-tel\" aria-required=\"true\" aria-invalid=\"false\" value=\"\" type=\"tel\" name=\"telephone\" \/><\/span>\n\t\t\t<\/p>\n\t\t<\/li>\n\t\t<li class=\"form-input\">\n\t\t\t<p>Subject* : <span class=\"wpcf7-form-control-wrap\" data-name=\"objet\"><input size=\"40\" maxlength=\"400\" class=\"wpcf7-form-control wpcf7-text wpcf7-validates-as-required\" aria-required=\"true\" aria-invalid=\"false\" value=\"\" type=\"text\" name=\"objet\" \/><\/span>\n\t\t\t<\/p>\n\t\t<\/li>\n\t\t<p>Message* :\n\t\t<\/p>\n\t\t<li class=\"form-input\">\n\t\t\t<p><span class=\"wpcf7-form-control-wrap\" data-name=\"message\"><textarea cols=\"40\" rows=\"10\" maxlength=\"2000\" class=\"wpcf7-form-control wpcf7-textarea wpcf7-validates-as-required\" aria-required=\"true\" aria-invalid=\"false\" placeholder=\"Write your message :\" name=\"message\"><\/textarea><\/span>\n\t\t\t<\/p>\n\t\t<\/li>\n\t\t<li class=\"submit-button\">\n\t\t\t<p><input class=\"wpcf7-form-control wpcf7-submit has-spinner\" type=\"submit\" value=\"Submit\" \/>\n\t\t\t<\/p>\n\t\t<\/li>\n\t<\/ul>\n<\/div><div class=\"wpcf7-response-output\" aria-hidden=\"true\"><\/div>\n<\/form>\n<\/div>\n[\/vc_column][\/vc_row][vc_row rt_row_background_width=&#8221;fullwidth&#8221; rt_row_content_width=&#8221;fullwidth&#8221; rt_row_style=&#8221;default-style&#8221; rt_row_height=&#8221;&#8221; rt_column_gaps=&#8221;&#8221; rt_row_shadows=&#8221;&#8221; rt_row_borders=&#8221;&#8221; rt_bg_effect=&#8221;classic&#8221; rt_bg_image_repeat=&#8221;repeat&#8221; rt_bg_size=&#8221;cover&#8221; rt_bg_position=&#8221;right top&#8221; rt_bg_attachment=&#8221;scroll&#8221; rt_bg_layer=&#8221;&#8221; rt_bg_video_format=&#8221;self-hosted&#8221; rt_class=&#8221;rt-3471425&#8243; rt_paddings=&#8221;0,35,,&#8221; rt_margins=&#8221;,,,&#8221; rt_content_margins=&#8221;,,,&#8221; rt_tablet_paddings=&#8221;,,,&#8221; rt_tablet_margins=&#8221;,,,&#8221; rt_tablet_content_margins=&#8221;,,,&#8221; rt_sp_paddings=&#8221;,,,&#8221; rt_sp_margins=&#8221;,,,&#8221; rt_sp_content_margins=&#8221;,,,&#8221; rt_bg_color=&#8221;#f4f4f4&#8243;][vc_column css_animation=&#8221;fadeIn&#8221; rt_bg_effect=&#8221;classic&#8221; rt_bg_image_repeat=&#8221;repeat&#8221; rt_bg_size=&#8221;auto auto&#8221; rt_bg_position=&#8221;right top&#8221; rt_bg_attachment=&#8221;scroll&#8221; rt_class=&#8221;rt-4503268&#8243; rt_margins=&#8221;,&#8221; rt_paddings=&#8221;,,0,0&#8243; rt_wrapper_paddings=&#8221;,,,&#8221; rt_tablet_margins=&#8221;,&#8221; rt_tablet_paddings=&#8221;,,,&#8221; rt_tablet_wrapper_paddings=&#8221;,,,&#8221; rt_sp_margins=&#8221;,&#8221; rt_sp_paddings=&#8221;,,,&#8221; rt_sp_wrapper_paddings=&#8221;,,,&#8221; rt_bg_color=&#8221;&#8221; rt_bg_overlay_color=&#8221;&#8221;]<div class=\"google_map_holder margin-b0\" data-height=\"500\" data-scope=\"#map-155220\" data-bw=\"yes\">\n\n\t\t\t<div id=\"map-155220\" class=\"google_map\"><\/div>\n\t\t\t<script type=\"text\/javascript\">\n\t\t\t \/* <![CDATA[ *\/ \n\t\t\t\t\/\/ Runs google maps\t\n\t\t\t\t\tjQuery(function() {\n\t\t\t\t\t\tjQuery(window).on(\"load\",function(){\n\t\t\t\t\t\t\tjQuery(\"#map-155220\").rt_maps([[\"Fluid\\'Inox\", 45.2639809, 5.8771099, 4,\"Fluid&#8217;Inox\"],],15); \n\t\t\t\t\t\t});\t\n\t\t\t\t\t});\n\t\t\t\/* ]]> *\/\t\n\t\t\t<\/script>\n\n\t\t<\/div>[\/vc_column][\/vc_row][vc_row rt_row_background_width=&#8221;fullwidth&#8221; rt_row_content_width=&#8221;default&#8221; rt_row_style=&#8221;default-style&#8221; rt_row_height=&#8221;&#8221; rt_column_gaps=&#8221;&#8221; rt_row_shadows=&#8221;&#8221; rt_row_borders=&#8221;&#8221; rt_bg_effect=&#8221;classic&#8221; rt_bg_image_repeat=&#8221;repeat&#8221; rt_bg_size=&#8221;cover&#8221; rt_bg_position=&#8221;right top&#8221; rt_bg_attachment=&#8221;scroll&#8221; rt_bg_layer=&#8221;&#8221; rt_bg_video_format=&#8221;self-hosted&#8221; rt_row_paddings=&#8221;true&#8221; rt_padding_top=&#8221;40&#8243; rt_padding_bottom=&#8221;40&#8243; rt_class=&#8221;rt-4525699&#8243; rt_paddings=&#8221;60,60,,&#8221; rt_margins=&#8221;,,,&#8221; rt_content_margins=&#8221;,,,&#8221; rt_tablet_paddings=&#8221;,,,&#8221; rt_tablet_margins=&#8221;,,,&#8221; rt_tablet_content_margins=&#8221;,,,&#8221; rt_sp_paddings=&#8221;,,,&#8221; rt_sp_margins=&#8221;,,,&#8221; rt_sp_content_margins=&#8221;,,,&#8221; class=&#8221;carrousel-logos&#8221;][vc_column rt_bg_effect=&#8221;classic&#8221; rt_bg_image_repeat=&#8221;repeat&#8221; rt_bg_size=&#8221;auto auto&#8221; rt_bg_position=&#8221;right top&#8221; rt_bg_attachment=&#8221;scroll&#8221; rt_col_paddings=&#8221;true&#8221; rt_wrp_col_paddings=&#8221;false&#8221;]\r\n\t\t\t\t<div id=\"image-carousel-404756\" class=\"rt-carousel carousel-holder clearfix rt-image-carousel  rt_lightbox_gallery\" data-item-width=\"5\" data-nav=\"true\" data-dots=\"false\" data-margin=\"0\" data-autoplay=\"true\" data-timeout=\"2500\" data-thumbnails=\"false\" data-boxed=\"false\" data-min-height=\"\" data-padding=\"0\" data-loop=\"true\" data-tablet-item-width=\"3\" data-mobile-item-width=\"1\">\r\n\t\t\t\t\t<div class=\"owl-carousel\">\r\n\t\t\t\t\t\t<div><img decoding=\"async\" src=\"https:\/\/www.fluid-inox.fr\/wp-content\/uploads\/2019\/02\/Logo-Uriage-.jpg\" width=\"100\" height=\"36\" alt=\"\" srcset=\"https:\/\/www.fluid-inox.fr\/wp-content\/uploads\/2019\/02\/Logo-Uriage-.jpg 100w, https:\/\/www.fluid-inox.fr\/wp-content\/uploads\/2019\/02\/Logo-Uriage--50x18.jpg 50w\" sizes=\"https:\/\/www.fluid-inox.fr\/wp-content\/uploads\/2019\/02\/Logo-Uriage-.jpg 100w, https:\/\/www.fluid-inox.fr\/wp-content\/uploads\/2019\/02\/Logo-Uriage--50x18.jpg 50w\"><\/div><div><img decoding=\"async\" src=\"https:\/\/www.fluid-inox.fr\/wp-content\/uploads\/2019\/02\/Logo-Teisseire-1.jpg\" width=\"100\" height=\"88\" alt=\"\" srcset=\"https:\/\/www.fluid-inox.fr\/wp-content\/uploads\/2019\/02\/Logo-Teisseire-1.jpg 100w, https:\/\/www.fluid-inox.fr\/wp-content\/uploads\/2019\/02\/Logo-Teisseire-1-50x44.jpg 50w\" sizes=\"https:\/\/www.fluid-inox.fr\/wp-content\/uploads\/2019\/02\/Logo-Teisseire-1.jpg 100w, https:\/\/www.fluid-inox.fr\/wp-content\/uploads\/2019\/02\/Logo-Teisseire-1-50x44.jpg 50w\"><\/div><div><img decoding=\"async\" src=\"https:\/\/www.fluid-inox.fr\/wp-content\/uploads\/2019\/02\/Logo-STMicroelectronics-1.png\" width=\"100\" height=\"71\" alt=\"\" srcset=\"https:\/\/www.fluid-inox.fr\/wp-content\/uploads\/2019\/02\/Logo-STMicroelectronics-1.png 100w, https:\/\/www.fluid-inox.fr\/wp-content\/uploads\/2019\/02\/Logo-STMicroelectronics-1-50x35.png 50w\" sizes=\"https:\/\/www.fluid-inox.fr\/wp-content\/uploads\/2019\/02\/Logo-STMicroelectronics-1.png 100w, https:\/\/www.fluid-inox.fr\/wp-content\/uploads\/2019\/02\/Logo-STMicroelectronics-1-50x35.png 50w\"><\/div><div><img loading=\"lazy\" decoding=\"async\" src=\"https:\/\/www.fluid-inox.fr\/wp-content\/uploads\/2019\/02\/Logo-Soitec-1.jpg\" width=\"100\" height=\"41\" alt=\"\" srcset=\"https:\/\/www.fluid-inox.fr\/wp-content\/uploads\/2019\/02\/Logo-Soitec-1.jpg 100w, https:\/\/www.fluid-inox.fr\/wp-content\/uploads\/2019\/02\/Logo-Soitec-1-50x20.jpg 50w\" sizes=\"https:\/\/www.fluid-inox.fr\/wp-content\/uploads\/2019\/02\/Logo-Soitec-1.jpg 100w, https:\/\/www.fluid-inox.fr\/wp-content\/uploads\/2019\/02\/Logo-Soitec-1-50x20.jpg 50w\"><\/div><div><img loading=\"lazy\" decoding=\"async\" src=\"https:\/\/www.fluid-inox.fr\/wp-content\/uploads\/2019\/02\/Logo-LOreal-1-1.jpg\" width=\"100\" height=\"29\" alt=\"\" srcset=\"https:\/\/www.fluid-inox.fr\/wp-content\/uploads\/2019\/02\/Logo-LOreal-1-1.jpg 100w, https:\/\/www.fluid-inox.fr\/wp-content\/uploads\/2019\/02\/Logo-LOreal-1-1-50x14.jpg 50w\" sizes=\"https:\/\/www.fluid-inox.fr\/wp-content\/uploads\/2019\/02\/Logo-LOreal-1-1.jpg 100w, https:\/\/www.fluid-inox.fr\/wp-content\/uploads\/2019\/02\/Logo-LOreal-1-1-50x14.jpg 50w\"><\/div><div><img loading=\"lazy\" decoding=\"async\" src=\"https:\/\/www.fluid-inox.fr\/wp-content\/uploads\/2019\/02\/Logo-ill-1.jpg\" width=\"100\" height=\"87\" alt=\"\" srcset=\"https:\/\/www.fluid-inox.fr\/wp-content\/uploads\/2019\/02\/Logo-ill-1.jpg 100w, https:\/\/www.fluid-inox.fr\/wp-content\/uploads\/2019\/02\/Logo-ill-1-50x43.jpg 50w\" sizes=\"https:\/\/www.fluid-inox.fr\/wp-content\/uploads\/2019\/02\/Logo-ill-1.jpg 100w, https:\/\/www.fluid-inox.fr\/wp-content\/uploads\/2019\/02\/Logo-ill-1-50x43.jpg 50w\"><\/div><div><img loading=\"lazy\" decoding=\"async\" src=\"https:\/\/www.fluid-inox.fr\/wp-content\/uploads\/2019\/02\/Logo-CEA-1.png\" width=\"100\" height=\"82\" alt=\"\" srcset=\"https:\/\/www.fluid-inox.fr\/wp-content\/uploads\/2019\/02\/Logo-CEA-1.png 100w, https:\/\/www.fluid-inox.fr\/wp-content\/uploads\/2019\/02\/Logo-CEA-1-50x41.png 50w\" sizes=\"https:\/\/www.fluid-inox.fr\/wp-content\/uploads\/2019\/02\/Logo-CEA-1.png 100w, https:\/\/www.fluid-inox.fr\/wp-content\/uploads\/2019\/02\/Logo-CEA-1-50x41.png 50w\"><\/div><div><img loading=\"lazy\" decoding=\"async\" src=\"https:\/\/www.fluid-inox.fr\/wp-content\/uploads\/2019\/02\/Logo-Biomerieux-1.jpg\" width=\"100\" height=\"100\" alt=\"\" srcset=\"https:\/\/www.fluid-inox.fr\/wp-content\/uploads\/2019\/02\/Logo-Biomerieux-1.jpg 100w, https:\/\/www.fluid-inox.fr\/wp-content\/uploads\/2019\/02\/Logo-Biomerieux-1-50x50.jpg 50w\" sizes=\"https:\/\/www.fluid-inox.fr\/wp-content\/uploads\/2019\/02\/Logo-Biomerieux-1.jpg 100w, https:\/\/www.fluid-inox.fr\/wp-content\/uploads\/2019\/02\/Logo-Biomerieux-1-50x50.jpg 50w\"><\/div>\r\n\t\t\t\t\t<\/div>\r\n\t\t\t\t\t\r\n\t\t\t\t\t\r\n\t\t\t\t<\/div>\r\n\t\t\t[\/vc_column][\/vc_row]<\/p>\n","protected":false},"excerpt":{"rendered":"<p>[vc_row rt_row_background_width=&#8221;fullwidth&#8221; rt_row_content_width=&#8221;default&#8221; rt_row_style=&#8221;default-style&#8221; rt_row_height=&#8221;&#8221; rt_column_gaps=&#8221;&#8221; rt_row_shadows=&#8221;&#8221; rt_row_borders=&#8221;&#8221; rt_bg_effect=&#8221;classic&#8221; rt_bg_image_repeat=&#8221;repeat&#8221; rt_bg_size=&#8221;cover&#8221; rt_bg_position=&#8221;right top&#8221; rt_bg_attachment=&#8221;scroll&#8221; rt_bg_layer=&#8221;&#8221; rt_bg_video_format=&#8221;self-hosted&#8221; rt_class=&#8221;rt-5220686&#8243; rt_paddings=&#8221;0,60px,,&#8221; rt_margins=&#8221;,,,&#8221; rt_content_margins=&#8221;,,,&#8221; rt_tablet_paddings=&#8221;,,,&#8221; rt_tablet_margins=&#8221;,,,&#8221; rt_tablet_content_margins=&#8221;,,,&#8221; rt_sp_paddings=&#8221;,,,&#8221; rt_sp_margins=&#8221;,,,&#8221; rt_sp_content_margins=&#8221;,,,&#8221; rt_bg_color=&#8221;#f4f4f4&#8243;][vc_column css_animation=&#8221;fadeIn&#8221; width=&#8221;1\/2&#8243; rt_bg_effect=&#8221;classic&#8221; rt_bg_image_repeat=&#8221;repeat&#8221; rt_bg_size=&#8221;auto auto&#8221; rt_bg_position=&#8221;right top&#8221; rt_bg_attachment=&#8221;scroll&#8221; rt_class=&#8221;rt-3440892&#8243; rt_margins=&#8221;,&#8221; rt_paddings=&#8221;,,,&#8221; rt_wrapper_paddings=&#8221;,,,&#8221; rt_tablet_margins=&#8221;,&#8221; rt_tablet_paddings=&#8221;,,,&#8221; rt_tablet_wrapper_paddings=&#8221;,,,&#8221; rt_sp_margins=&#8221;20px,&#8221; rt_sp_paddings=&#8221;,,,&#8221; rt_sp_wrapper_paddings=&#8221;,,,&#8221; rt_bg_color=&#8221;&#8221; rt_bg_overlay_color=&#8221;&#8221;][\/vc_column][vc_column css_animation=&#8221;fadeIn&#8221; width=&#8221;1\/2&#8243; rt_bg_effect=&#8221;classic&#8221; rt_bg_image_repeat=&#8221;repeat&#8221; rt_bg_size=&#8221;auto auto&#8221; rt_bg_position=&#8221;right [&hellip;]<\/p>\n","protected":false},"author":1,"featured_media":0,"parent":0,"menu_order":0,"comment_status":"closed","ping_status":"closed","template":"","meta":{"footnotes":""},"class_list":["post-4803","page","type-page","status-publish","hentry"],"yoast_head":"<!-- This site is optimized with the Yoast SEO plugin v26.2 - https:\/\/yoast.com\/wordpress\/plugins\/seo\/ -->\n<title>Contact Soci\u00e9t\u00e9 de Tuyauterie Industrielle | Fluid&#039;Inox<\/title>\n<meta name=\"description\" content=\"Fluid&#039;Inox est une soci\u00e9t\u00e9 compos\u00e9e de de sp\u00e9cialiste de la Tuyauterie Industrielle. N&#039;h\u00e9sitez pas \u00e0 nous contacter pour tout renseignement !\" \/>\n<meta name=\"robots\" content=\"index, follow, max-snippet:-1, max-image-preview:large, max-video-preview:-1\" \/>\n<link rel=\"canonical\" href=\"https:\/\/www.fluid-inox.fr\/en\/nous-contacter\/\" \/>\n<meta property=\"og:locale\" content=\"en_US\" \/>\n<meta property=\"og:type\" content=\"article\" \/>\n<meta property=\"og:title\" content=\"Contact Soci\u00e9t\u00e9 de Tuyauterie Industrielle | Fluid&#039;Inox\" \/>\n<meta property=\"og:description\" content=\"Fluid&#039;Inox est une soci\u00e9t\u00e9 compos\u00e9e de de sp\u00e9cialiste de la Tuyauterie Industrielle. N&#039;h\u00e9sitez pas \u00e0 nous contacter pour tout renseignement !\" \/>\n<meta property=\"og:url\" content=\"https:\/\/www.fluid-inox.fr\/nous-contacter\/\" \/>\n<meta property=\"og:site_name\" content=\"Fluid&#039;Inox\" \/>\n<meta property=\"article:modified_time\" content=\"2019-08-09T14:31:47+00:00\" \/>\n<meta name=\"twitter:card\" content=\"summary_large_image\" \/>\n<meta name=\"twitter:label1\" content=\"Est. reading time\" \/>\n\t<meta name=\"twitter:data1\" content=\"4 minutes\" \/>\n<script type=\"application\/ld+json\" class=\"yoast-schema-graph\">{\"@context\":\"https:\/\/schema.org\",\"@graph\":[{\"@type\":\"WebPage\",\"@id\":\"https:\/\/www.fluid-inox.fr\/nous-contacter\/\",\"url\":\"https:\/\/www.fluid-inox.fr\/nous-contacter\/\",\"name\":\"Contact Soci\u00e9t\u00e9 de Tuyauterie Industrielle | Fluid'Inox\",\"isPartOf\":{\"@id\":\"https:\/\/www.fluid-inox.fr\/#website\"},\"datePublished\":\"2019-02-06T10:43:21+00:00\",\"dateModified\":\"2019-08-09T14:31:47+00:00\",\"description\":\"Fluid'Inox est une soci\u00e9t\u00e9 compos\u00e9e de de sp\u00e9cialiste de la Tuyauterie Industrielle. N'h\u00e9sitez pas \u00e0 nous contacter pour tout renseignement !\",\"breadcrumb\":{\"@id\":\"https:\/\/www.fluid-inox.fr\/nous-contacter\/#breadcrumb\"},\"inLanguage\":\"en-US\",\"potentialAction\":[{\"@type\":\"ReadAction\",\"target\":[\"https:\/\/www.fluid-inox.fr\/nous-contacter\/\"]}]},{\"@type\":\"BreadcrumbList\",\"@id\":\"https:\/\/www.fluid-inox.fr\/nous-contacter\/#breadcrumb\",\"itemListElement\":[{\"@type\":\"ListItem\",\"position\":1,\"name\":\"Accueil\",\"item\":\"https:\/\/www.fluid-inox.fr\/en\/\"},{\"@type\":\"ListItem\",\"position\":2,\"name\":\"Contact us\"}]},{\"@type\":\"WebSite\",\"@id\":\"https:\/\/www.fluid-inox.fr\/#website\",\"url\":\"https:\/\/www.fluid-inox.fr\/\",\"name\":\"Fluid&#039;Inox\",\"description\":\"\",\"potentialAction\":[{\"@type\":\"SearchAction\",\"target\":{\"@type\":\"EntryPoint\",\"urlTemplate\":\"https:\/\/www.fluid-inox.fr\/?s={search_term_string}\"},\"query-input\":{\"@type\":\"PropertyValueSpecification\",\"valueRequired\":true,\"valueName\":\"search_term_string\"}}],\"inLanguage\":\"en-US\"}]}<\/script>\n<!-- \/ Yoast SEO plugin. -->","yoast_head_json":{"title":"Contact Soci\u00e9t\u00e9 de Tuyauterie Industrielle | Fluid'Inox","description":"Fluid'Inox est une soci\u00e9t\u00e9 compos\u00e9e de de sp\u00e9cialiste de la Tuyauterie Industrielle. N'h\u00e9sitez pas \u00e0 nous contacter pour tout renseignement !","robots":{"index":"index","follow":"follow","max-snippet":"max-snippet:-1","max-image-preview":"max-image-preview:large","max-video-preview":"max-video-preview:-1"},"canonical":"https:\/\/www.fluid-inox.fr\/en\/nous-contacter\/","og_locale":"en_US","og_type":"article","og_title":"Contact Soci\u00e9t\u00e9 de Tuyauterie Industrielle | Fluid'Inox","og_description":"Fluid'Inox est une soci\u00e9t\u00e9 compos\u00e9e de de sp\u00e9cialiste de la Tuyauterie Industrielle. N'h\u00e9sitez pas \u00e0 nous contacter pour tout renseignement !","og_url":"https:\/\/www.fluid-inox.fr\/nous-contacter\/","og_site_name":"Fluid&#039;Inox","article_modified_time":"2019-08-09T14:31:47+00:00","twitter_card":"summary_large_image","twitter_misc":{"Est. reading time":"4 minutes"},"schema":{"@context":"https:\/\/schema.org","@graph":[{"@type":"WebPage","@id":"https:\/\/www.fluid-inox.fr\/nous-contacter\/","url":"https:\/\/www.fluid-inox.fr\/nous-contacter\/","name":"Contact Soci\u00e9t\u00e9 de Tuyauterie Industrielle | Fluid'Inox","isPartOf":{"@id":"https:\/\/www.fluid-inox.fr\/#website"},"datePublished":"2019-02-06T10:43:21+00:00","dateModified":"2019-08-09T14:31:47+00:00","description":"Fluid'Inox est une soci\u00e9t\u00e9 compos\u00e9e de de sp\u00e9cialiste de la Tuyauterie Industrielle. N'h\u00e9sitez pas \u00e0 nous contacter pour tout renseignement !","breadcrumb":{"@id":"https:\/\/www.fluid-inox.fr\/nous-contacter\/#breadcrumb"},"inLanguage":"en-US","potentialAction":[{"@type":"ReadAction","target":["https:\/\/www.fluid-inox.fr\/nous-contacter\/"]}]},{"@type":"BreadcrumbList","@id":"https:\/\/www.fluid-inox.fr\/nous-contacter\/#breadcrumb","itemListElement":[{"@type":"ListItem","position":1,"name":"Accueil","item":"https:\/\/www.fluid-inox.fr\/en\/"},{"@type":"ListItem","position":2,"name":"Contact us"}]},{"@type":"WebSite","@id":"https:\/\/www.fluid-inox.fr\/#website","url":"https:\/\/www.fluid-inox.fr\/","name":"Fluid&#039;Inox","description":"","potentialAction":[{"@type":"SearchAction","target":{"@type":"EntryPoint","urlTemplate":"https:\/\/www.fluid-inox.fr\/?s={search_term_string}"},"query-input":{"@type":"PropertyValueSpecification","valueRequired":true,"valueName":"search_term_string"}}],"inLanguage":"en-US"}]}},"_links":{"self":[{"href":"https:\/\/www.fluid-inox.fr\/en\/wp-json\/wp\/v2\/pages\/4803\/"}],"collection":[{"href":"https:\/\/www.fluid-inox.fr\/en\/wp-json\/wp\/v2\/pages\/"}],"about":[{"href":"https:\/\/www.fluid-inox.fr\/en\/wp-json\/wp\/v2\/types\/page\/"}],"author":[{"embeddable":true,"href":"https:\/\/www.fluid-inox.fr\/en\/wp-json\/wp\/v2\/users\/1\/"}],"replies":[{"embeddable":true,"href":"https:\/\/www.fluid-inox.fr\/en\/wp-json\/wp\/v2\/comments\/?post=4803"}],"version-history":[{"count":4,"href":"https:\/\/www.fluid-inox.fr\/en\/wp-json\/wp\/v2\/pages\/4803\/revisions\/"}],"predecessor-version":[{"id":4881,"href":"https:\/\/www.fluid-inox.fr\/en\/wp-json\/wp\/v2\/pages\/4803\/revisions\/4881\/"}],"wp:attachment":[{"href":"https:\/\/www.fluid-inox.fr\/en\/wp-json\/wp\/v2\/media\/?parent=4803"}],"curies":[{"name":"wp","href":"https:\/\/api.w.org\/{rel}","templated":true}]}}